{"id":4379,"date":"2021-10-14T07:33:30","date_gmt":"2021-10-14T07:33:30","guid":{"rendered":"https:\/\/www.astron.si\/?post_type=product&#038;p=4379"},"modified":"2022-02-12T13:17:41","modified_gmt":"2022-02-12T13:17:41","slug":"monitoring-plina","status":"publish","type":"product","link":"https:\/\/www.astron.si\/en\/shop\/monitoring\/monitoring-plina\/","title":{"rendered":"Monitoring plina, toplote in vode"},"content":{"rendered":"<div class=\"flex_column av-nwgbrw-114550bfa1a4f03bc43d9eb022782872 av_one_half avia-builder-el-28 el_after_av_one_full el_before_av_one_half first flex_column_div av-zero-column-padding column-top-margin\">\n<div class=\"avia-icon-list-container av-mzahdo-86313f9e2bbaf39e665b6bc4aa5bb4cc avia-builder-el-29 avia-builder-el-no-sibling \">\n<ul class=\"avia-icon-list avia_animate_when_almost_visible avia-icon-list-left av-iconlist-big av-mzahdo-86313f9e2bbaf39e665b6bc4aa5bb4cc avia-iconlist-animate avia_start_animation\">\n<li class=\"avia_start_animation\">\n<article class=\"article-icon-entry \">\n<div class=\"iconlist_content_wrap\">\n<header class=\"entry-content-header\">\n<h4 class=\"av_iconlist_title iconlist_title \">DELOVNI POGOJI<\/h4>\n<\/header>\n<div class=\"iconlist_content \">\n<p>temperaturni razpon: -40 ~ +80\u00b0 C, RH\u00a0 80%<br \/>\nza\u0161\u010dita: IP51<\/p>\n<p>&nbsp;<\/p>\n<\/div>\n<\/div>\n<\/article>\n<\/li>\n<li class=\"avia_start_animation\">\n<article class=\"article-icon-entry \">\n<div class=\"iconlist_content_wrap\">\n<header class=\"entry-content-header\">\n<h4 class=\"av_iconlist_title iconlist_title \">ZAJEM PODATKOV<\/h4>\n<\/header>\n<div class=\"iconlist_content \">\n<p>Magnetni senzor<\/p>\n<\/div>\n<\/div>\n<footer class=\"entry-footer\"><\/footer>\n<\/article>\n<div class=\"iconlist-timeline\"><\/div>\n<\/li>\n<li class=\"avia_start_animation\">\n<article class=\"article-icon-entry \">\n<div class=\"iconlist_content_wrap\">\n<header class=\"entry-content-header\">\n<h4 class=\"av_iconlist_title iconlist_title \">WAN KOMUNIKACIJA<\/h4>\n<\/header>\n<div class=\"iconlist_content \">\n<p>mobilna, LPWA tehnologija, LTE CAT-M, NB-IoT<\/p>\n<\/div>\n<\/div>\n<footer class=\"entry-footer\"><\/footer>\n<\/article>\n<div class=\"iconlist-timeline\"><\/div>\n<\/li>\n<li class=\"avia_start_animation\">\n<article class=\"article-icon-entry \">\n<div class=\"iconlist_content_wrap\">\n<header class=\"entry-content-header\">\n<h4 class=\"av_iconlist_title iconlist_title \">KOMUNIKACIJSKI PROTOKOLI<\/h4>\n<\/header>\n<div class=\"iconlist_content \">\n<p>TCP\/UDP, MQTT, CoAP, LWM2M, NTP<\/p>\n<\/div>\n<\/div>\n<footer class=\"entry-footer\"><\/footer>\n<\/article>\n<div class=\"iconlist-timeline\"><\/div>\n<\/li>\n<li class=\"avia_start_animation\">\n<article class=\"article-icon-entry \">\n<div class=\"iconlist_content_wrap\">\n<header class=\"entry-content-header\">\n<h4 class=\"av_iconlist_title iconlist_title \">VARNOST<\/h4>\n<\/header>\n<div class=\"iconlist_content \">\n<p>point-to-point, TLS 1.2, TLS 1.3, DTLS 1.2<\/p>\n<\/div>\n<\/div>\n<footer class=\"entry-footer\"><\/footer>\n<\/article>\n<div class=\"iconlist-timeline\"><\/div>\n<\/li>\n<li class=\"avia_start_animation\">\n<article class=\"article-icon-entry \">\n<div class=\"iconlist_content_wrap\">\n<header class=\"entry-content-header\">\n<h4 class=\"av_iconlist_title iconlist_title \">PODPRTI LTE FREKVEN\u0106NI PASOVI<\/h4>\n<\/header>\n<div class=\"iconlist_content \">\n<div>CAT-M: B1-B5\/B8\/B12-B14\/B18-B20\/B25-<wbr \/>B28\/B66\/B85<\/div>\n<div>CAT-NB: B1-B5\/B8\/B12\/B13\/B18-B20\/B25\/<wbr \/>B26\/B28\/B66\/B71\/B85<\/div>\n<\/div>\n<div><\/div>\n<\/div>\n<\/article>\n<\/li>\n<li class=\"avia_start_animation\">\n<article class=\"article-icon-entry \">\n<div class=\"iconlist_content_wrap\">\n<header class=\"entry-content-header\">\n<h4 class=\"av_iconlist_title iconlist_title \">ODDAJNA MO\u010c<\/h4>\n<\/header>\n<div class=\"iconlist_content \">\n<p>LTE RF Power Class: 5 (Typ. 21dbm)<\/p>\n<\/div>\n<\/div>\n<footer class=\"entry-footer\"><\/footer>\n<\/article>\n<div class=\"iconlist-timeline\"><\/div>\n<\/li>\n<li class=\"avia_start_animation\">\n<article class=\"article-icon-entry \">\n<div class=\"iconlist_content_wrap\">\n<header class=\"entry-content-header\">\n<h4 class=\"av_iconlist_title iconlist_title \">PASOVNA \u0160IRINA<\/h4>\n<\/header>\n<div class=\"iconlist_content \">\n<p>Cat-M: UL: 1119 Kbps, DL: 589 Kbps<br \/>\nNB-IoT: UL: 150 Kbps, DL: 136 Kbps<\/p>\n<\/div>\n<\/div>\n<footer class=\"entry-footer\"><\/footer>\n<\/article>\n<\/li>\n<\/ul>\n<\/div>\n<\/div>\n<div class=\"flex_column av-cughb0-98d324f237521a5d12cafe60471a3ae0 av_one_half avia-builder-el-30 el_after_av_one_half avia-builder-el-last flex_column_div av-zero-column-padding column-top-margin\">\n<div class=\"avia-icon-list-container av-baj8gc-37945923a4dc79771bb602689bd82b67 avia-builder-el-31 avia-builder-el-no-sibling \">\n<ul class=\"avia-icon-list avia_animate_when_almost_visible avia-icon-list-right av-iconlist-big av-baj8gc-37945923a4dc79771bb602689bd82b67 avia-iconlist-animate avia_start_animation\">\n<li class=\"avia_start_animation\">\n<article class=\"article-icon-entry \">\n<div class=\"iconlist_content_wrap\">\n<header class=\"entry-content-header\">\n<h4 class=\"av_iconlist_title iconlist_title \">SIM KARTICA<\/h4>\n<\/header>\n<div class=\"iconlist_content \">\n<p>Nano SIM (4FF), zamenljiva<\/p>\n<\/div>\n<\/div>\n<footer class=\"entry-footer\"><\/footer>\n<\/article>\n<div class=\"iconlist-timeline\"><\/div>\n<\/li>\n<li class=\"avia_start_animation\">\n<article class=\"article-icon-entry \">\n<div class=\"iconlist_content_wrap\">\n<header class=\"entry-content-header\">\n<h4 class=\"av_iconlist_title iconlist_title \">ANTENA<\/h4>\n<\/header>\n<div class=\"iconlist_content \">\n<p>integrirana<\/p>\n<\/div>\n<\/div>\n<footer class=\"entry-footer\"><\/footer>\n<\/article>\n<div class=\"iconlist-timeline\"><\/div>\n<\/li>\n<li class=\"avia_start_animation\">\n<article class=\"article-icon-entry \">\n<div class=\"iconlist_content_wrap\">\n<header class=\"entry-content-header\">\n<h4 class=\"av_iconlist_title iconlist_title \">LOKALNO KONFIGURIRANJE<\/h4>\n<\/header>\n<div class=\"iconlist_content \">\n<p>preko vgrajenega NFC vmesnika z uporabo mobilne naprave (Android) in aplikacije oneIO<\/p>\n<\/div>\n<\/div>\n<footer class=\"entry-footer\"><\/footer>\n<\/article>\n<div class=\"iconlist-timeline\"><\/div>\n<\/li>\n<li class=\"avia_start_animation\">\n<article class=\"article-icon-entry \">\n<div class=\"iconlist_content_wrap\">\n<header class=\"entry-content-header\">\n<h4 class=\"av_iconlist_title iconlist_title \">NAPAJANJE<\/h4>\n<\/header>\n<div class=\"iconlist_content \">\n<p>Baterijsko napajanje. \u017divljenska doba 10 let, pri po\u0161iljanju podatkov 1x na<br \/>\ndan.<\/p>\n<\/div>\n<\/div>\n<footer class=\"entry-footer\"><\/footer>\n<\/article>\n<div class=\"iconlist-timeline\"><\/div>\n<\/li>\n<li class=\"avia_start_animation\">\n<article class=\"article-icon-entry \">\n<div class=\"iconlist_content_wrap\">\n<header class=\"entry-content-header\">\n<h4 class=\"av_iconlist_title iconlist_title \">\u0160IFRIRANJE<\/h4>\n<\/header>\n<div class=\"iconlist_content \">\n<p>On-the-fly lokalno dekriptiranje in kriptiranje podatkovpodpora AES 128, AES 256, DES<\/p>\n<\/div>\n<\/div>\n<footer class=\"entry-footer\"><\/footer>\n<\/article>\n<div class=\"iconlist-timeline\"><\/div>\n<\/li>\n<li class=\"avia_start_animation\">\n<article class=\"article-icon-entry \">\n<div class=\"iconlist_content_wrap\">\n<header class=\"entry-content-header\">\n<h4 class=\"av_iconlist_title iconlist_title \">SIGNALIZACIJA DELOVANJA<\/h4>\n<\/header>\n<div class=\"iconlist_content \">\n<p>RGB LED svetlobni indikator<\/p>\n<\/div>\n<\/div>\n<footer class=\"entry-footer\"><\/footer>\n<\/article>\n<div class=\"iconlist-timeline\"><\/div>\n<\/li>\n<li class=\"avia_start_animation\">\n<article class=\"article-icon-entry \">\n<div class=\"iconlist_content_wrap\">\n<header class=\"entry-content-header\">\n<h4 class=\"av_iconlist_title iconlist_title \">ALARMIRANJE<\/h4>\n<\/header>\n<div class=\"iconlist_content \">\n<p>takoj\u0161nje alrmiranje v \u010dasu delovanja:<br \/>\n\u2013 prekinitev napajanja<br \/>\n\u2013 odstarnitev SIM kartice<\/p>\n<\/div>\n<\/div>\n<footer class=\"entry-footer\"><\/footer>\n<\/article>\n<div class=\"iconlist-timeline\"><\/div>\n<\/li>\n<li class=\"avia_start_animation\">\n<article class=\"article-icon-entry \">\n<div class=\"iconlist_content_wrap\">\n<header class=\"entry-content-header\">\n<h4 class=\"av_iconlist_title iconlist_title \">OHI\u0160JE<\/h4>\n<\/header>\n<div class=\"iconlist_content \">\n<p>197mm x 96,5mm x 37,5mm<\/p>\n<\/div>\n<\/div>\n<footer class=\"entry-footer\"><\/footer>\n<\/article>\n<div class=\"iconlist-timeline\"><\/div>\n<\/li>\n<li class=\"avia_start_animation\">\n<article class=\"article-icon-entry \">\n<div class=\"iconlist_content_wrap\">\n<header class=\"entry-content-header\">\n<h4 class=\"av_iconlist_title iconlist_title \">MONTA\u017dA<\/h4>\n<\/header>\n<div class=\"iconlist_content \">\n<p>Privija\u010denje z enim vijakom<\/p>\n<\/div>\n<\/div>\n<\/article>\n<\/li>\n<\/ul>\n<\/div>\n<\/div>\n","protected":false},"excerpt":{"rendered":"<p>Najpreprostej\u0161a nadgradnja infrastrukture obstoje\u010dih plinskih \u0161tevcev. Dru\u017eina naprav gOne vam zagotavlja prenos informacij o pretoku zemeljskega plina. Ujemite svojo vozovnico energetske revolucije z napravami dru\u017eine gOne.<\/p>\n<ul>\n<li>Nastavljiv in fleksibilen \u010dasovni interval po\u0161iljanja podatkov<\/li>\n<li>Detekcija uhajanja plina in alarmiranje<\/li>\n<li>Varen prenos podatkov preko mobilnega LTE Cat-M \/ NB-IoT omre\u017eja<\/li>\n<li>Oddaljen spletni nadzor in upravljanje naprav gOne<\/li>\n<li>Baterijsko napajanje z \u017eivljenjsko dobo nad 10 let<\/li>\n<li>Preprosta namestitev direktno na \u0161tevec<\/li>\n<li>Testirano in preverjeno delovanje z Nokia, Ericsson, Huawei LTE omre\u017ejem<\/li>\n<\/ul>\n","protected":false},"featured_media":4750,"template":"","meta":[],"product_brand":[],"product_cat":[137],"product_tag":[],"class_list":{"0":"post-4379","1":"product","2":"type-product","3":"status-publish","4":"has-post-thumbnail","6":"product_cat-monitoring","8":"first","9":"instock","10":"taxable","11":"shipping-taxable","12":"purchasable","13":"product-type-simple"},"yoast_head":"<!-- This site is optimized with the Yoast SEO plugin v26.0 - https:\/\/yoast.com\/wordpress\/plugins\/seo\/ -->\n<title>Monitoring plina, toplote in vode<\/title>\n<meta name=\"description\" content=\"Monitoring plina, toplote in vode\" \/>\n<meta name=\"robots\" content=\"index, follow, max-snippet:-1, max-image-preview:large, max-video-preview:-1\" \/>\n<link rel=\"canonical\" href=\"https:\/\/www.astron.si\/en\/shop\/monitoring\/monitoring-plina\/\" \/>\n<meta property=\"og:locale\" content=\"en_US\" \/>\n<meta property=\"og:type\" content=\"article\" \/>\n<meta property=\"og:title\" content=\"Monitoring plina, toplote in vode\" \/>\n<meta property=\"og:description\" content=\"Monitoring plina, toplote in vode\" \/>\n<meta property=\"og:url\" content=\"https:\/\/www.astron.si\/en\/shop\/monitoring\/monitoring-plina\/\" \/>\n<meta property=\"og:site_name\" content=\"Astron\" \/>\n<meta property=\"article:modified_time\" content=\"2022-02-12T13:17:41+00:00\" \/>\n<meta property=\"og:image\" content=\"https:\/\/www.astron.si\/wp-content\/uploads\/2021\/10\/monitor-voda-plin.png\" \/>\n\t<meta property=\"og:image:width\" content=\"800\" \/>\n\t<meta property=\"og:image:height\" content=\"800\" \/>\n\t<meta property=\"og:image:type\" content=\"image\/png\" \/>\n<meta name=\"twitter:card\" content=\"summary_large_image\" \/>\n<meta name=\"twitter:label1\" content=\"Est. reading time\" \/>\n\t<meta name=\"twitter:data1\" content=\"1 minute\" \/>\n<script type=\"application\/ld+json\" class=\"yoast-schema-graph\">{\"@context\":\"https:\/\/schema.org\",\"@graph\":[{\"@type\":\"WebPage\",\"@id\":\"https:\/\/www.astron.si\/en\/shop\/monitoring\/monitoring-plina\/\",\"url\":\"https:\/\/www.astron.si\/en\/shop\/monitoring\/monitoring-plina\/\",\"name\":\"Monitoring plina, toplote in vode\",\"isPartOf\":{\"@id\":\"https:\/\/www.astron.si\/en\/#website\"},\"primaryImageOfPage\":{\"@id\":\"https:\/\/www.astron.si\/en\/shop\/monitoring\/monitoring-plina\/#primaryimage\"},\"image\":{\"@id\":\"https:\/\/www.astron.si\/en\/shop\/monitoring\/monitoring-plina\/#primaryimage\"},\"thumbnailUrl\":\"https:\/\/www.astron.si\/wp-content\/uploads\/2021\/10\/monitor-voda-plin.png\",\"datePublished\":\"2021-10-14T07:33:30+00:00\",\"dateModified\":\"2022-02-12T13:17:41+00:00\",\"description\":\"Monitoring plina, toplote in vode\",\"breadcrumb\":{\"@id\":\"https:\/\/www.astron.si\/en\/shop\/monitoring\/monitoring-plina\/#breadcrumb\"},\"inLanguage\":\"en-US\",\"potentialAction\":[{\"@type\":\"ReadAction\",\"target\":[\"https:\/\/www.astron.si\/en\/shop\/monitoring\/monitoring-plina\/\"]}]},{\"@type\":\"ImageObject\",\"inLanguage\":\"en-US\",\"@id\":\"https:\/\/www.astron.si\/en\/shop\/monitoring\/monitoring-plina\/#primaryimage\",\"url\":\"https:\/\/www.astron.si\/wp-content\/uploads\/2021\/10\/monitor-voda-plin.png\",\"contentUrl\":\"https:\/\/www.astron.si\/wp-content\/uploads\/2021\/10\/monitor-voda-plin.png\",\"width\":800,\"height\":800},{\"@type\":\"BreadcrumbList\",\"@id\":\"https:\/\/www.astron.si\/en\/shop\/monitoring\/monitoring-plina\/#breadcrumb\",\"itemListElement\":[{\"@type\":\"ListItem\",\"position\":1,\"name\":\"Home\",\"item\":\"https:\/\/www.astron.si\/en\/\"},{\"@type\":\"ListItem\",\"position\":2,\"name\":\"Web shop\",\"item\":\"https:\/\/www.astron.si\/en\/shop\/\"},{\"@type\":\"ListItem\",\"position\":3,\"name\":\"Monitoring plina, toplote in vode\"}]},{\"@type\":\"WebSite\",\"@id\":\"https:\/\/www.astron.si\/en\/#website\",\"url\":\"https:\/\/www.astron.si\/en\/\",\"name\":\"Astron\",\"description\":\"Internet of energy\",\"potentialAction\":[{\"@type\":\"SearchAction\",\"target\":{\"@type\":\"EntryPoint\",\"urlTemplate\":\"https:\/\/www.astron.si\/en\/?s={search_term_string}\"},\"query-input\":{\"@type\":\"PropertyValueSpecification\",\"valueRequired\":true,\"valueName\":\"search_term_string\"}}],\"inLanguage\":\"en-US\"}]}<\/script>\n<!-- \/ Yoast SEO plugin. -->","yoast_head_json":{"title":"Monitoring plina, toplote in vode","description":"Monitoring plina, toplote in vode","robots":{"index":"index","follow":"follow","max-snippet":"max-snippet:-1","max-image-preview":"max-image-preview:large","max-video-preview":"max-video-preview:-1"},"canonical":"https:\/\/www.astron.si\/en\/shop\/monitoring\/monitoring-plina\/","og_locale":"en_US","og_type":"article","og_title":"Monitoring plina, toplote in vode","og_description":"Monitoring plina, toplote in vode","og_url":"https:\/\/www.astron.si\/en\/shop\/monitoring\/monitoring-plina\/","og_site_name":"Astron","article_modified_time":"2022-02-12T13:17:41+00:00","og_image":[{"width":800,"height":800,"url":"https:\/\/www.astron.si\/wp-content\/uploads\/2021\/10\/monitor-voda-plin.png","type":"image\/png"}],"twitter_card":"summary_large_image","twitter_misc":{"Est. reading time":"1 minute"},"schema":{"@context":"https:\/\/schema.org","@graph":[{"@type":"WebPage","@id":"https:\/\/www.astron.si\/en\/shop\/monitoring\/monitoring-plina\/","url":"https:\/\/www.astron.si\/en\/shop\/monitoring\/monitoring-plina\/","name":"Monitoring plina, toplote in vode","isPartOf":{"@id":"https:\/\/www.astron.si\/en\/#website"},"primaryImageOfPage":{"@id":"https:\/\/www.astron.si\/en\/shop\/monitoring\/monitoring-plina\/#primaryimage"},"image":{"@id":"https:\/\/www.astron.si\/en\/shop\/monitoring\/monitoring-plina\/#primaryimage"},"thumbnailUrl":"https:\/\/www.astron.si\/wp-content\/uploads\/2021\/10\/monitor-voda-plin.png","datePublished":"2021-10-14T07:33:30+00:00","dateModified":"2022-02-12T13:17:41+00:00","description":"Monitoring plina, toplote in vode","breadcrumb":{"@id":"https:\/\/www.astron.si\/en\/shop\/monitoring\/monitoring-plina\/#breadcrumb"},"inLanguage":"en-US","potentialAction":[{"@type":"ReadAction","target":["https:\/\/www.astron.si\/en\/shop\/monitoring\/monitoring-plina\/"]}]},{"@type":"ImageObject","inLanguage":"en-US","@id":"https:\/\/www.astron.si\/en\/shop\/monitoring\/monitoring-plina\/#primaryimage","url":"https:\/\/www.astron.si\/wp-content\/uploads\/2021\/10\/monitor-voda-plin.png","contentUrl":"https:\/\/www.astron.si\/wp-content\/uploads\/2021\/10\/monitor-voda-plin.png","width":800,"height":800},{"@type":"BreadcrumbList","@id":"https:\/\/www.astron.si\/en\/shop\/monitoring\/monitoring-plina\/#breadcrumb","itemListElement":[{"@type":"ListItem","position":1,"name":"Home","item":"https:\/\/www.astron.si\/en\/"},{"@type":"ListItem","position":2,"name":"Web shop","item":"https:\/\/www.astron.si\/en\/shop\/"},{"@type":"ListItem","position":3,"name":"Monitoring plina, toplote in vode"}]},{"@type":"WebSite","@id":"https:\/\/www.astron.si\/en\/#website","url":"https:\/\/www.astron.si\/en\/","name":"Astron","description":"Internet of energy","potentialAction":[{"@type":"SearchAction","target":{"@type":"EntryPoint","urlTemplate":"https:\/\/www.astron.si\/en\/?s={search_term_string}"},"query-input":{"@type":"PropertyValueSpecification","valueRequired":true,"valueName":"search_term_string"}}],"inLanguage":"en-US"}]}},"_links":{"self":[{"href":"https:\/\/www.astron.si\/en\/wp-json\/wp\/v2\/product\/4379","targetHints":{"allow":["GET"]}}],"collection":[{"href":"https:\/\/www.astron.si\/en\/wp-json\/wp\/v2\/product"}],"about":[{"href":"https:\/\/www.astron.si\/en\/wp-json\/wp\/v2\/types\/product"}],"wp:featuredmedia":[{"embeddable":true,"href":"https:\/\/www.astron.si\/en\/wp-json\/wp\/v2\/media\/4750"}],"wp:attachment":[{"href":"https:\/\/www.astron.si\/en\/wp-json\/wp\/v2\/media?parent=4379"}],"wp:term":[{"taxonomy":"product_brand","embeddable":true,"href":"https:\/\/www.astron.si\/en\/wp-json\/wp\/v2\/product_brand?post=4379"},{"taxonomy":"product_cat","embeddable":true,"href":"https:\/\/www.astron.si\/en\/wp-json\/wp\/v2\/product_cat?post=4379"},{"taxonomy":"product_tag","embeddable":true,"href":"https:\/\/www.astron.si\/en\/wp-json\/wp\/v2\/product_tag?post=4379"}],"curies":[{"name":"wp","href":"https:\/\/api.w.org\/{rel}","templated":true}]}}