{"id":5317,"date":"2022-12-17T10:18:10","date_gmt":"2022-12-17T10:18:10","guid":{"rendered":"https:\/\/www.astron.si\/smart-city\/smart-parking-sensor\/"},"modified":"2022-12-17T10:18:10","modified_gmt":"2022-12-17T10:18:10","slug":"smart-parking-sensor","status":"publish","type":"page","link":"https:\/\/www.astron.si\/en\/smart-city\/smart-parking-sensor\/","title":{"rendered":"Smart parking sensor"},"content":{"rendered":"<div class=\"wpb-content-wrapper\"><p>[vc_row full_width=&#8221;stretch_row&#8221; mobile_bg_img_hidden=&#8221;no&#8221; tablet_bg_img_hidden=&#8221;no&#8221; woodmart_parallax=&#8221;0&#8243; woodmart_gradient_switch=&#8221;no&#8221; row_reverse_mobile=&#8221;0&#8243; row_reverse_tablet=&#8221;0&#8243; woodmart_disable_overflow=&#8221;0&#8243;][vc_column]\t\t\n\t\t<div id=\"wd-620139c23a905\" class=\"title-wrapper wd-wpb set-mb-s reset-last-child  wd-rs-620139c23a905 wd-title-color-alt wd-underline-colored wd-title-style-default wd-width-100 text-left  wd-title-empty\">\n\t\t\t\n\t\t\t<div class=\"liner-continer\">\n\t\t\t\t<h4 class=\"woodmart-title-container title  wd-font-weight- wd-fontsize-xxl\" ><\/h4>\n\t\t\t\t\t\t\t<\/div>\n\t\t\t\n\t\t\t\t\t\t\t<div class=\"title-after_title  set-cont-mb-s reset-last-child  wd-fontsize-s\">Battery-powered wireless parking sensor for monitoring the occupancy of parking spaces<\/div>\n\t\t\t\n\t\t\t\n\t\t<\/div>\n\t\t\n\t\t[vc_column_text woodmart_inline=&#8221;no&#8221; text_larger=&#8221;no&#8221;]The LPWA parking sensor is a mobile, battery-powered wireless parking sensor in a compact design for monitoring the occupancy of parking spaces, which enables easy management of the parking challenges of modern times in the domain of smart cities and communities. The sensor effectively detects the occupancy of the parking space in real time and sends the change in parking space occupancy to the central server in the cloud via the mobile network using the latest 5G LPWA mobile technology (NB-IoT. Vat-M) and a secure and protected connection. The sensors are installed on a solid ground surface, such as asphalt or concrete, in the center position of the parking space. The parking sensor exists in two versions, namely for mounting on the road surface and built-in (flush mount) version. Installation of the device is done quickly and easily by screwing or gluing. Reliable vehicle presence detection is based on a dual independent state-of-the-art sensor assembly using a high-performance MEMS magnetometer and a 60 GHz radar module. The detection algorithm is very robust and consequently ensures that rain, snow or dirt have no effect on the accuracy and reliability of the detection of a parked vehicle.[\/vc_column_text][vc_row_inner gap=&#8221;30&#8243; css=&#8221;.vc_custom_1644231442406{margin-top: 8vh !important;padding-bottom: 4vh !important;}&#8221; row_reverse_mobile=&#8221;0&#8243; row_reverse_tablet=&#8221;0&#8243;][vc_column_inner]\t\t\n\t\t<div id=\"wd-61fcf65720009\" class=\"title-wrapper wd-wpb set-mb-s reset-last-child  wd-rs-61fcf65720009 wd-title-color-alt wd-underline-colored wd-title-style-underlined-2 wd-width-NaN text-left vc_custom_1643968118168\">\n\t\t\t\n\t\t\t<div class=\"liner-continer\">\n\t\t\t\t<h4 class=\"woodmart-title-container title  wd-font-weight-700 wd-fontsize-xxl\" >LPWA<\/h4>\n\t\t\t\t\t\t\t<\/div>\n\t\t\t\n\t\t\t\t\t\t\t<div class=\"title-after_title  set-cont-mb-s reset-last-child  wd-fontsize-s\">WIRELESS PARKING SENSOR<\/div>\n\t\t\t\n\t\t\t\n\t\t<\/div>\n\t\t\n\t\t[vc_separator align=&#8221;align_left&#8221; css=&#8221;.vc_custom_1643966891917{margin-top: 0px !important;margin-bottom: 2vh !important;padding-top: 0px !important;padding-bottom: 0px !important;}&#8221;][\/vc_column_inner][vc_column_inner width=&#8221;5\/12&#8243;][vc_single_image image=&#8221;4730&#8243; img_size=&#8221;full&#8221; woodmart_inline=&#8221;no&#8221; parallax_scroll=&#8221;no&#8221;][\/vc_column_inner][vc_column_inner width=&#8221;7\/12&#8243;][vc_column_text woodmart_inline=&#8221;no&#8221; text_larger=&#8221;no&#8221;]Data on the occupancy of parking spaces is used for many additional services and products, such as navigating the driver to the nearest free parking space at the selected location using a mobile application. Smart management of parking lots directly contributes to increasing traffic flow and reducing harmful emissions of exhaust gases and noise, which are directly caused by heavy traffic in cities, especially during rush hours.[\/vc_column_text][\/vc_column_inner][\/vc_row_inner][\/vc_column][\/vc_row][vc_row full_width=&#8221;stretch_row&#8221; mobile_bg_img_hidden=&#8221;no&#8221; tablet_bg_img_hidden=&#8221;no&#8221; woodmart_parallax=&#8221;0&#8243; woodmart_gradient_switch=&#8221;no&#8221; row_reverse_mobile=&#8221;0&#8243; row_reverse_tablet=&#8221;0&#8243; woodmart_disable_overflow=&#8221;0&#8243; css=&#8221;.vc_custom_1643968510783{margin-bottom: -40px !important;padding-bottom: 4vh !important;background-color: #f9f9f9 !important;}&#8221;][vc_column][vc_row_inner css=&#8221;.vc_custom_1643968532198{margin-bottom: -40px !important;padding-top: 4vh !important;padding-bottom: 4vh !important;}&#8221; row_reverse_mobile=&#8221;0&#8243; row_reverse_tablet=&#8221;0&#8243;][vc_column_inner]\t\t\n\t\t<div id=\"wd-61fcf6ce9742d\" class=\"title-wrapper wd-wpb set-mb-s reset-last-child  wd-rs-61fcf6ce9742d wd-title-color-alt wd-underline-colored wd-title-style-underlined-2 wd-width-NaN text-left vc_custom_1643968229496\">\n\t\t\t\n\t\t\t<div class=\"liner-continer\">\n\t\t\t\t<h4 class=\"woodmart-title-container title  wd-font-weight-700 wd-fontsize-xl\" >The system enables<\/h4>\n\t\t\t\t\t\t\t<\/div>\n\t\t\t\n\t\t\t\n\t\t\t\n\t\t<\/div>\n\t\t\n\t\t[\/vc_column_inner][vc_column_inner width=&#8221;1\/3&#8243;]\n\t\t<ul class=\" wd-rs-61fcf5c5e01c0 wd-list wd-wpb color-scheme- wd-fontsize-s wd-list-type-icon wd-list-style-default wd-justify-left \" id=\"wd-61fcf5c5e01c0\">\n\t\t\t\t\t\t\t\t\t\t\t<li>\n\t\t\t\t\t<span class=\"list-icon fas fa-parking\"><\/span>\n\t\t\t\t\t<span class=\"list-content\">navigacijo do najbli\u017ejih izbranih prostih parkirnih mest v najkraj\u0161em mo\u017enem \u010dasu,<\/span>\n\t\t\t\t\t\t\t\t\t<\/li>\n\t\t\t\t\t\t\t\t\t\t\t<li>\n\t\t\t\t\t<span class=\"list-icon fas fa-parking\"><\/span>\n\t\t\t\t\t<span class=\"list-content\">ve\u010djo preto\u010dnost prometa in posledi\u010dno zmanj\u0161evanje \u0161kodljivih emisij izpu\u0161nih plinov ter hrupa,<\/span>\n\t\t\t\t\t\t\t\t\t<\/li>\n\t\t\t\t\t\t\t\t\t\t\t<li>\n\t\t\t\t\t<span class=\"list-icon fas fa-parking\"><\/span>\n\t\t\t\t\t<span class=\"list-content\">sinhronizacijo o zasedenosti parkirnih prostorov v realnem \u010dasu z mestnimi redarskimi slu\u017ebami za u\u010dinkovitej\u0161i nadzor nad pla\u010devanjem parkiranja (parkomati) ter posledi\u010dno ve\u010d izre\u010denih kazni,<\/span>\n\t\t\t\t\t\t\t\t\t<\/li>\n\t\t\t\t\t\t\t\t\t\t\t<li>\n\t\t\t\t\t<span class=\"list-icon fas fa-parking\"><\/span>\n\t\t\t\t\t<span class=\"list-content\">stalni nadzor nad povr\u0161inami \u00bbPREPOVEDANO PARKIRANJE\u00ab,<\/span>\n\t\t\t\t\t\t\t\t\t<\/li>\n\t\t\t\t\t<\/ul>\n\t\t[\/vc_column_inner][vc_column_inner width=&#8221;1\/3&#8243;]\n\t\t<ul class=\" wd-rs-61fcf5d922e2d wd-list wd-wpb color-scheme- wd-fontsize-s wd-list-type-icon wd-list-style-default wd-justify-left \" id=\"wd-61fcf5d922e2d\">\n\t\t\t\t\t\t\t\t\t\t\t<li>\n\t\t\t\t\t<span class=\"list-icon fas fa-parking\"><\/span>\n\t\t\t\t\t<span class=\"list-content\">stalni nadzor nad avtomobilskimi elektri\u010dnimi polnilnimi postajami,<\/span>\n\t\t\t\t\t\t\t\t\t<\/li>\n\t\t\t\t\t\t\t\t\t\t\t<li>\n\t\t\t\t\t<span class=\"list-icon fas fa-parking\"><\/span>\n\t\t\t\t\t<span class=\"list-content\">spletno povezljivost z obvestilnimi tablami na odprtih javnih povr\u0161inah, ki prikazujejo \u0161tevilo prostih parkirnih mest (traffic e-paper display),<\/span>\n\t\t\t\t\t\t\t\t\t<\/li>\n\t\t\t\t\t\t\t\t\t\t\t<li>\n\t\t\t\t\t<span class=\"list-icon fas fa-parking\"><\/span>\n\t\t\t\t\t<span class=\"list-content\">mo\u017enost pla\u010dila parkirnega prostora po dejanski \u010dasovni uporabi s pomo\u010djo mobilne aplikacije,<\/span>\n\t\t\t\t\t\t\t\t\t<\/li>\n\t\t\t\t\t\t\t\t\t\t\t<li>\n\t\t\t\t\t<span class=\"list-icon fas fa-parking\"><\/span>\n\t\t\t\t\t<span class=\"list-content\">\u010dasovni monitoring zasedenosti parkirnega prostora v trgovskih centrih in analize obiskanosti le-teh,\n<\/span>\n\t\t\t\t\t\t\t\t\t<\/li>\n\t\t\t\t\t<\/ul>\n\t\t[\/vc_column_inner][vc_column_inner width=&#8221;1\/3&#8243;]\n\t\t<ul class=\" wd-rs-61fcf5e061fd2 wd-list wd-wpb color-scheme- wd-fontsize-s wd-list-type-icon wd-list-style-default wd-justify-left \" id=\"wd-61fcf5e061fd2\">\n\t\t\t\t\t\t\t\t\t\t\t<li>\n\t\t\t\t\t<span class=\"list-icon fas fa-parking\"><\/span>\n\t\t\t\t\t<span class=\"list-content\">navigacija do prostih parkirnih mest v trgovskih centrih, letali\u0161\u010dih in ostalih ve\u010djih odprtih parkiri\u0161\u010dih,\n<\/span>\n\t\t\t\t\t\t\t\t\t<\/li>\n\t\t\t\t\t\t\t\t\t\t\t<li>\n\t\t\t\t\t<span class=\"list-icon fas fa-parking\"><\/span>\n\t\t\t\t\t<span class=\"list-content\">IoT povezljivost z drugimi naprednimi storitvami za upravljanje prometa v domeni pametnih mest,<\/span>\n\t\t\t\t\t\t\t\t\t<\/li>\n\t\t\t\t\t\t\t\t\t\t\t<li>\n\t\t\t\t\t<span class=\"list-icon fas fa-parking\"><\/span>\n\t\t\t\t\t<span class=\"list-content\">enostavno vgradnjo, instalacijo in uporabo<\/span>\n\t\t\t\t\t\t\t\t\t<\/li>\n\t\t\t\t\t\t\t\t\t\t\t<li>\n\t\t\t\t\t<span class=\"list-icon fas fa-parking\"><\/span>\n\t\t\t\t\t<span class=\"list-content\">stalen nadzor na delovanjem sistema<\/span>\n\t\t\t\t\t\t\t\t\t<\/li>\n\t\t\t\t\t\t\t\t\t\t\t<li>\n\t\t\t\t\t<span class=\"list-icon fas fa-parking\"><\/span>\n\t\t\t\t\t<span class=\"list-content\">razpr\u0161en mikrolokacijski seizmolo\u0161ki monitoring.\n<\/span>\n\t\t\t\t\t\t\t\t\t<\/li>\n\t\t\t\t\t<\/ul>\n\t\t[\/vc_column_inner][\/vc_row_inner][\/vc_column][\/vc_row]<\/p>\n<\/div>","protected":false},"excerpt":{"rendered":"<p>[vc_row full_width=&#8221;stretch_row&#8221; mobile_bg_img_hidden=&#8221;no&#8221; tablet_bg_img_hidden=&#8221;no&#8221; woodmart_parallax=&#8221;0&#8243; woodmart_gradient_switch=&#8221;no&#8221; row_reverse_mobile=&#8221;0&#8243; row_reverse_tablet=&#8221;0&#8243; woodmart_disable_overflow=&#8221;0&#8243;][vc_column][vc_column_text woodmart_inline=&#8221;no&#8221; text_larger=&#8221;no&#8221;]The LPWA parking sensor is a mobile, battery-powered wireless parking<\/p>\n","protected":false},"author":230,"featured_media":0,"parent":5315,"menu_order":0,"comment_status":"closed","ping_status":"closed","template":"","meta":{"footnotes":""},"class_list":["post-5317","page","type-page","status-publish","hentry"],"yoast_head":"<!-- This site is optimized with the Yoast SEO plugin v26.0 - https:\/\/yoast.com\/wordpress\/plugins\/seo\/ -->\n<title>Smart parking sensor<\/title>\n<meta name=\"description\" content=\"Smart parking sensor\" \/>\n<meta name=\"robots\" content=\"index, follow, max-snippet:-1, max-image-preview:large, max-video-preview:-1\" \/>\n<link rel=\"canonical\" href=\"https:\/\/www.astron.si\/en\/smart-city\/smart-parking-sensor\/\" \/>\n<meta property=\"og:locale\" content=\"en_US\" \/>\n<meta property=\"og:type\" content=\"article\" \/>\n<meta property=\"og:title\" content=\"Smart parking sensor\" \/>\n<meta property=\"og:description\" content=\"Smart parking sensor\" \/>\n<meta property=\"og:url\" content=\"https:\/\/www.astron.si\/en\/smart-city\/smart-parking-sensor\/\" \/>\n<meta property=\"og:site_name\" content=\"Astron\" \/>\n<meta name=\"twitter:card\" content=\"summary_large_image\" \/>\n<meta name=\"twitter:label1\" content=\"Est. reading time\" \/>\n\t<meta name=\"twitter:data1\" content=\"7 minutes\" \/>\n<script type=\"application\/ld+json\" class=\"yoast-schema-graph\">{\"@context\":\"https:\/\/schema.org\",\"@graph\":[{\"@type\":\"WebPage\",\"@id\":\"https:\/\/www.astron.si\/en\/smart-city\/smart-parking-sensor\/\",\"url\":\"https:\/\/www.astron.si\/en\/smart-city\/smart-parking-sensor\/\",\"name\":\"Smart parking sensor\",\"isPartOf\":{\"@id\":\"https:\/\/www.astron.si\/en\/#website\"},\"datePublished\":\"2022-12-17T10:18:10+00:00\",\"description\":\"Smart parking sensor\",\"breadcrumb\":{\"@id\":\"https:\/\/www.astron.si\/en\/smart-city\/smart-parking-sensor\/#breadcrumb\"},\"inLanguage\":\"en-US\",\"potentialAction\":[{\"@type\":\"ReadAction\",\"target\":[\"https:\/\/www.astron.si\/en\/smart-city\/smart-parking-sensor\/\"]}]},{\"@type\":\"BreadcrumbList\",\"@id\":\"https:\/\/www.astron.si\/en\/smart-city\/smart-parking-sensor\/#breadcrumb\",\"itemListElement\":[{\"@type\":\"ListItem\",\"position\":1,\"name\":\"Home\",\"item\":\"https:\/\/www.astron.si\/en\/\"},{\"@type\":\"ListItem\",\"position\":2,\"name\":\"Smart City\",\"item\":\"https:\/\/www.astron.si\/en\/smart-city\/\"},{\"@type\":\"ListItem\",\"position\":3,\"name\":\"Smart parking sensor\"}]},{\"@type\":\"WebSite\",\"@id\":\"https:\/\/www.astron.si\/en\/#website\",\"url\":\"https:\/\/www.astron.si\/en\/\",\"name\":\"Astron\",\"description\":\"Internet of energy\",\"potentialAction\":[{\"@type\":\"SearchAction\",\"target\":{\"@type\":\"EntryPoint\",\"urlTemplate\":\"https:\/\/www.astron.si\/en\/?s={search_term_string}\"},\"query-input\":{\"@type\":\"PropertyValueSpecification\",\"valueRequired\":true,\"valueName\":\"search_term_string\"}}],\"inLanguage\":\"en-US\"}]}<\/script>\n<!-- \/ Yoast SEO plugin. -->","yoast_head_json":{"title":"Smart parking sensor","description":"Smart parking sensor","robots":{"index":"index","follow":"follow","max-snippet":"max-snippet:-1","max-image-preview":"max-image-preview:large","max-video-preview":"max-video-preview:-1"},"canonical":"https:\/\/www.astron.si\/en\/smart-city\/smart-parking-sensor\/","og_locale":"en_US","og_type":"article","og_title":"Smart parking sensor","og_description":"Smart parking sensor","og_url":"https:\/\/www.astron.si\/en\/smart-city\/smart-parking-sensor\/","og_site_name":"Astron","twitter_card":"summary_large_image","twitter_misc":{"Est. reading time":"7 minutes"},"schema":{"@context":"https:\/\/schema.org","@graph":[{"@type":"WebPage","@id":"https:\/\/www.astron.si\/en\/smart-city\/smart-parking-sensor\/","url":"https:\/\/www.astron.si\/en\/smart-city\/smart-parking-sensor\/","name":"Smart parking sensor","isPartOf":{"@id":"https:\/\/www.astron.si\/en\/#website"},"datePublished":"2022-12-17T10:18:10+00:00","description":"Smart parking sensor","breadcrumb":{"@id":"https:\/\/www.astron.si\/en\/smart-city\/smart-parking-sensor\/#breadcrumb"},"inLanguage":"en-US","potentialAction":[{"@type":"ReadAction","target":["https:\/\/www.astron.si\/en\/smart-city\/smart-parking-sensor\/"]}]},{"@type":"BreadcrumbList","@id":"https:\/\/www.astron.si\/en\/smart-city\/smart-parking-sensor\/#breadcrumb","itemListElement":[{"@type":"ListItem","position":1,"name":"Home","item":"https:\/\/www.astron.si\/en\/"},{"@type":"ListItem","position":2,"name":"Smart City","item":"https:\/\/www.astron.si\/en\/smart-city\/"},{"@type":"ListItem","position":3,"name":"Smart parking sensor"}]},{"@type":"WebSite","@id":"https:\/\/www.astron.si\/en\/#website","url":"https:\/\/www.astron.si\/en\/","name":"Astron","description":"Internet of energy","potentialAction":[{"@type":"SearchAction","target":{"@type":"EntryPoint","urlTemplate":"https:\/\/www.astron.si\/en\/?s={search_term_string}"},"query-input":{"@type":"PropertyValueSpecification","valueRequired":true,"valueName":"search_term_string"}}],"inLanguage":"en-US"}]}},"_links":{"self":[{"href":"https:\/\/www.astron.si\/en\/wp-json\/wp\/v2\/pages\/5317","targetHints":{"allow":["GET"]}}],"collection":[{"href":"https:\/\/www.astron.si\/en\/wp-json\/wp\/v2\/pages"}],"about":[{"href":"https:\/\/www.astron.si\/en\/wp-json\/wp\/v2\/types\/page"}],"author":[{"embeddable":true,"href":"https:\/\/www.astron.si\/en\/wp-json\/wp\/v2\/users\/230"}],"replies":[{"embeddable":true,"href":"https:\/\/www.astron.si\/en\/wp-json\/wp\/v2\/comments?post=5317"}],"version-history":[{"count":1,"href":"https:\/\/www.astron.si\/en\/wp-json\/wp\/v2\/pages\/5317\/revisions"}],"predecessor-version":[{"id":5318,"href":"https:\/\/www.astron.si\/en\/wp-json\/wp\/v2\/pages\/5317\/revisions\/5318"}],"up":[{"embeddable":true,"href":"https:\/\/www.astron.si\/en\/wp-json\/wp\/v2\/pages\/5315"}],"wp:attachment":[{"href":"https:\/\/www.astron.si\/en\/wp-json\/wp\/v2\/media?parent=5317"}],"curies":[{"name":"wp","href":"https:\/\/api.w.org\/{rel}","templated":true}]}}